{"id":891,"date":"2025-11-05T12:30:58","date_gmt":"2025-11-05T11:30:58","guid":{"rendered":"https:\/\/enterprise-portal.eu\/web\/?page_id=891"},"modified":"2025-11-05T12:30:58","modified_gmt":"2025-11-05T11:30:58","slug":"sepa","status":"publish","type":"page","link":"https:\/\/enterprise-portal.eu\/web\/sepa\/","title":{"rendered":"Informationen zum SEPA-Mandat"},"content":{"rendered":"<div class=\"fusion-fullwidth fullwidth-box fusion-builder-row-1 fusion-flex-container has-pattern-background has-mask-background nonhundred-percent-fullwidth non-hundred-percent-height-scrolling\" style=\"--awb-border-radius-top-left:0px;--awb-border-radius-top-right:0px;--awb-border-radius-bottom-right:0px;--awb-border-radius-bottom-left:0px;--awb-flex-wrap:wrap;\" ><div class=\"fusion-builder-row fusion-row fusion-flex-align-items-flex-start fusion-flex-content-wrap\" style=\"max-width:1248px;margin-left: calc(-4% \/ 2 );margin-right: calc(-4% \/ 2 );\"><div class=\"fusion-layout-column fusion_builder_column fusion-builder-column-0 fusion_builder_column_1_1 1_1 fusion-flex-column\" style=\"--awb-padding-top:75px;--awb-padding-bottom:75px;--awb-bg-size:cover;--awb-width-large:100%;--awb-margin-top-large:0px;--awb-spacing-right-large:1.92%;--awb-margin-bottom-large:20px;--awb-spacing-left-large:1.92%;--awb-width-medium:100%;--awb-order-medium:0;--awb-spacing-right-medium:1.92%;--awb-spacing-left-medium:1.92%;--awb-width-small:100%;--awb-order-small:0;--awb-spacing-right-small:1.92%;--awb-spacing-left-small:1.92%;\" data-scroll-devices=\"small-visibility,medium-visibility,large-visibility\"><div class=\"fusion-column-wrapper fusion-column-has-shadow fusion-flex-justify-content-flex-start fusion-content-layout-column\"><div class=\"fusion-text fusion-text-1\" style=\"--awb-font-size:18px;--awb-text-font-family:&quot;Inter&quot;;--awb-text-font-style:normal;--awb-text-font-weight:400;\"><p>F\u00fcr die Erteilung eines SEPA-Firmenlastschrift erhalten Sie mit Ihren Daten ein ausgef\u00fclltes Formular zugesendet, welches Sie uns vor der Inbetriebnahme unterzeichnet zur\u00fccksenden. Das Formular hat nachfolgenden Wortlaut.<\/p>\n<\/div><div class=\"fusion-title title fusion-title-1 fusion-sep-none fusion-title-text fusion-title-size-three\" style=\"--awb-text-color:var(--awb-color7);--awb-margin-top-small:10px;--awb-margin-right-small:0px;--awb-margin-bottom-small:10px;--awb-margin-left-small:0px;--awb-font-size:20px;\"><h3 class=\"fusion-title-heading title-heading-left fusion-responsive-typography-calculated\" style=\"font-family:&quot;Inter&quot;;font-style:normal;font-weight:500;margin:0;font-size:1em;--fontSize:20;--minFontSize:20;line-height:1.45;\">SEPA-Firmenlastschrift<\/h3><\/div><div class=\"fusion-text fusion-text-2\" style=\"--awb-font-size:18px;--awb-text-font-family:&quot;Inter&quot;;--awb-text-font-style:normal;--awb-text-font-weight:400;\"><p>Ich\/Wir erm\u00e4chtige(n) die GFDT &#8211; Gesellschaft f\u00fcr Digitale Technologien GmbH Zahlungen von meinem\/unserem Konto mittels Lastschrift einzuziehen. Zugleich weise(n) ich\/wir mein\/unser Kreditinstitut an, die von GFDT &#8211; Gesellschaft f\u00fcr Digitale Technologien GmbH auf mein\/unser Konto gezogenen Lastschriften einzul\u00f6sen.<\/p>\n<\/div><div class=\"fusion-title title fusion-title-2 fusion-sep-none fusion-title-text fusion-title-size-three\" style=\"--awb-text-color:var(--awb-color7);--awb-margin-top-small:10px;--awb-margin-right-small:0px;--awb-margin-bottom-small:10px;--awb-margin-left-small:0px;--awb-font-size:20px;\"><h3 class=\"fusion-title-heading title-heading-left fusion-responsive-typography-calculated\" style=\"font-family:&quot;Inter&quot;;font-style:normal;font-weight:500;margin:0;font-size:1em;--fontSize:20;--minFontSize:20;line-height:1.45;\">Hinweis<\/h3><\/div><div class=\"fusion-text fusion-text-3\" style=\"--awb-font-size:18px;--awb-text-font-family:&quot;Inter&quot;;--awb-text-font-style:normal;--awb-text-font-weight:400;\"><p>Dieses Lastschriftmandat dient nur dem Einzug von Lastschriften, die auf Konten von Unternehmen gezogen sind. Ich bin\/Wir sind nicht berechtigt, nach der erfolgten Einl\u00f6sung eine Erstattung des belasteten Betrags zu verlangen. Ich bin\/Wir sind berechtigt, mein\/unser Kreditinstitut bis zum F\u00e4lligkeitstag anzuweisen, Lastschriften nicht einzul\u00f6sen.<\/p>\n<\/div><\/div><\/div><\/div><\/div>\n","protected":false},"excerpt":{"rendered":"","protected":false},"author":1,"featured_media":0,"parent":0,"menu_order":0,"comment_status":"closed","ping_status":"closed","template":"","meta":{"footnotes":""},"class_list":["post-891","page","type-page","status-publish","hentry"],"yoast_head":"<!-- This site is optimized with the Yoast SEO plugin v27.5 - https:\/\/yoast.com\/product\/yoast-seo-wordpress\/ -->\n<title>Informationen zum SEPA-Mandat - EP:Enterprise Portal<\/title>\n<meta name=\"robots\" content=\"index, follow, max-snippet:-1, max-image-preview:large, max-video-preview:-1\" \/>\n<link rel=\"canonical\" href=\"https:\/\/enterprise-portal.eu\/web\/sepa\/\" \/>\n<meta property=\"og:locale\" content=\"de_DE\" \/>\n<meta property=\"og:type\" content=\"article\" \/>\n<meta property=\"og:title\" content=\"Informationen zum SEPA-Mandat - EP:Enterprise Portal\" \/>\n<meta property=\"og:url\" content=\"https:\/\/enterprise-portal.eu\/web\/sepa\/\" \/>\n<meta property=\"og:site_name\" content=\"EP:Enterprise Portal\" \/>\n<meta property=\"article:publisher\" content=\"https:\/\/www.facebook.com\/people\/EP-Software-fr-Unternehmen\/61577764547633\/\" \/>\n<meta property=\"og:image\" content=\"https:\/\/enterprise-portal.eu\/web\/wp-content\/uploads\/2025\/10\/og_ep.png\" \/>\n\t<meta property=\"og:image:width\" content=\"800\" \/>\n\t<meta property=\"og:image:height\" content=\"420\" \/>\n\t<meta property=\"og:image:type\" content=\"image\/png\" \/>\n<meta name=\"twitter:card\" content=\"summary_large_image\" \/>\n<meta name=\"twitter:label1\" content=\"Gesch\u00e4tzte Lesezeit\" \/>\n\t<meta name=\"twitter:data1\" content=\"1\u00a0Minute\" \/>\n<script type=\"application\/ld+json\" class=\"yoast-schema-graph\">{\"@context\":\"https:\\\/\\\/schema.org\",\"@graph\":[{\"@type\":\"WebPage\",\"@id\":\"https:\\\/\\\/enterprise-portal.eu\\\/web\\\/sepa\\\/\",\"url\":\"https:\\\/\\\/enterprise-portal.eu\\\/web\\\/sepa\\\/\",\"name\":\"Informationen zum SEPA-Mandat - EP:Enterprise Portal\",\"isPartOf\":{\"@id\":\"https:\\\/\\\/enterprise-portal.eu\\\/web\\\/#website\"},\"datePublished\":\"2025-11-05T11:30:58+00:00\",\"breadcrumb\":{\"@id\":\"https:\\\/\\\/enterprise-portal.eu\\\/web\\\/sepa\\\/#breadcrumb\"},\"inLanguage\":\"de\",\"potentialAction\":[{\"@type\":\"ReadAction\",\"target\":[\"https:\\\/\\\/enterprise-portal.eu\\\/web\\\/sepa\\\/\"]}]},{\"@type\":\"BreadcrumbList\",\"@id\":\"https:\\\/\\\/enterprise-portal.eu\\\/web\\\/sepa\\\/#breadcrumb\",\"itemListElement\":[{\"@type\":\"ListItem\",\"position\":1,\"name\":\"Startseite\",\"item\":\"https:\\\/\\\/enterprise-portal.eu\\\/web\\\/\"},{\"@type\":\"ListItem\",\"position\":2,\"name\":\"Informationen zum SEPA-Mandat\"}]},{\"@type\":\"WebSite\",\"@id\":\"https:\\\/\\\/enterprise-portal.eu\\\/web\\\/#website\",\"url\":\"https:\\\/\\\/enterprise-portal.eu\\\/web\\\/\",\"name\":\"EP Enterprise Portal - Digitalisierungszentral - einfache Software f\u00fcr die Unternehmensverwaltung\",\"description\":\"Verwalte dein gesamtes Unternehmen mit einer Software\",\"publisher\":{\"@id\":\"https:\\\/\\\/enterprise-portal.eu\\\/web\\\/#organization\"},\"alternateName\":\"EP Enteprise Portal\",\"potentialAction\":[{\"@type\":\"SearchAction\",\"target\":{\"@type\":\"EntryPoint\",\"urlTemplate\":\"https:\\\/\\\/enterprise-portal.eu\\\/web\\\/?s={search_term_string}\"},\"query-input\":{\"@type\":\"PropertyValueSpecification\",\"valueRequired\":true,\"valueName\":\"search_term_string\"}}],\"inLanguage\":\"de\"},{\"@type\":\"Organization\",\"@id\":\"https:\\\/\\\/enterprise-portal.eu\\\/web\\\/#organization\",\"name\":\"GFDT\",\"url\":\"https:\\\/\\\/enterprise-portal.eu\\\/web\\\/\",\"logo\":{\"@type\":\"ImageObject\",\"inLanguage\":\"de\",\"@id\":\"https:\\\/\\\/enterprise-portal.eu\\\/web\\\/#\\\/schema\\\/logo\\\/image\\\/\",\"url\":\"https:\\\/\\\/enterprise-portal.eu\\\/web\\\/wp-content\\\/uploads\\\/epserver.jpg\",\"contentUrl\":\"https:\\\/\\\/enterprise-portal.eu\\\/web\\\/wp-content\\\/uploads\\\/epserver.jpg\",\"width\":488,\"height\":488,\"caption\":\"GFDT\"},\"image\":{\"@id\":\"https:\\\/\\\/enterprise-portal.eu\\\/web\\\/#\\\/schema\\\/logo\\\/image\\\/\"},\"sameAs\":[\"https:\\\/\\\/www.facebook.com\\\/people\\\/EP-Software-fr-Unternehmen\\\/61577764547633\\\/\",\"https:\\\/\\\/www.linkedin.com\\\/in\\\/ep-software-fr-unternehmen-683598372\\\/\",\"https:\\\/\\\/www.instagram.com\\\/invites\\\/contact\\\/?i=1oqm1hwhiyqdp&utm_content=yv2yxrs\",\"https:\\\/\\\/whatsapp.com\\\/channel\\\/0029VbB2AzK1HsprdS998C0X\"]}]}<\/script>\n<!-- \/ Yoast SEO plugin. -->","yoast_head_json":{"title":"Informationen zum SEPA-Mandat - EP:Enterprise Portal","robots":{"index":"index","follow":"follow","max-snippet":"max-snippet:-1","max-image-preview":"max-image-preview:large","max-video-preview":"max-video-preview:-1"},"canonical":"https:\/\/enterprise-portal.eu\/web\/sepa\/","og_locale":"de_DE","og_type":"article","og_title":"Informationen zum SEPA-Mandat - EP:Enterprise Portal","og_url":"https:\/\/enterprise-portal.eu\/web\/sepa\/","og_site_name":"EP:Enterprise Portal","article_publisher":"https:\/\/www.facebook.com\/people\/EP-Software-fr-Unternehmen\/61577764547633\/","og_image":[{"width":800,"height":420,"url":"https:\/\/enterprise-portal.eu\/web\/wp-content\/uploads\/2025\/10\/og_ep.png","type":"image\/png"}],"twitter_card":"summary_large_image","twitter_misc":{"Gesch\u00e4tzte Lesezeit":"1\u00a0Minute"},"schema":{"@context":"https:\/\/schema.org","@graph":[{"@type":"WebPage","@id":"https:\/\/enterprise-portal.eu\/web\/sepa\/","url":"https:\/\/enterprise-portal.eu\/web\/sepa\/","name":"Informationen zum SEPA-Mandat - EP:Enterprise Portal","isPartOf":{"@id":"https:\/\/enterprise-portal.eu\/web\/#website"},"datePublished":"2025-11-05T11:30:58+00:00","breadcrumb":{"@id":"https:\/\/enterprise-portal.eu\/web\/sepa\/#breadcrumb"},"inLanguage":"de","potentialAction":[{"@type":"ReadAction","target":["https:\/\/enterprise-portal.eu\/web\/sepa\/"]}]},{"@type":"BreadcrumbList","@id":"https:\/\/enterprise-portal.eu\/web\/sepa\/#breadcrumb","itemListElement":[{"@type":"ListItem","position":1,"name":"Startseite","item":"https:\/\/enterprise-portal.eu\/web\/"},{"@type":"ListItem","position":2,"name":"Informationen zum SEPA-Mandat"}]},{"@type":"WebSite","@id":"https:\/\/enterprise-portal.eu\/web\/#website","url":"https:\/\/enterprise-portal.eu\/web\/","name":"EP Enterprise Portal - Digitalisierungszentral - einfache Software f\u00fcr die Unternehmensverwaltung","description":"Verwalte dein gesamtes Unternehmen mit einer Software","publisher":{"@id":"https:\/\/enterprise-portal.eu\/web\/#organization"},"alternateName":"EP Enteprise Portal","potentialAction":[{"@type":"SearchAction","target":{"@type":"EntryPoint","urlTemplate":"https:\/\/enterprise-portal.eu\/web\/?s={search_term_string}"},"query-input":{"@type":"PropertyValueSpecification","valueRequired":true,"valueName":"search_term_string"}}],"inLanguage":"de"},{"@type":"Organization","@id":"https:\/\/enterprise-portal.eu\/web\/#organization","name":"GFDT","url":"https:\/\/enterprise-portal.eu\/web\/","logo":{"@type":"ImageObject","inLanguage":"de","@id":"https:\/\/enterprise-portal.eu\/web\/#\/schema\/logo\/image\/","url":"https:\/\/enterprise-portal.eu\/web\/wp-content\/uploads\/epserver.jpg","contentUrl":"https:\/\/enterprise-portal.eu\/web\/wp-content\/uploads\/epserver.jpg","width":488,"height":488,"caption":"GFDT"},"image":{"@id":"https:\/\/enterprise-portal.eu\/web\/#\/schema\/logo\/image\/"},"sameAs":["https:\/\/www.facebook.com\/people\/EP-Software-fr-Unternehmen\/61577764547633\/","https:\/\/www.linkedin.com\/in\/ep-software-fr-unternehmen-683598372\/","https:\/\/www.instagram.com\/invites\/contact\/?i=1oqm1hwhiyqdp&utm_content=yv2yxrs","https:\/\/whatsapp.com\/channel\/0029VbB2AzK1HsprdS998C0X"]}]}},"_links":{"self":[{"href":"https:\/\/enterprise-portal.eu\/web\/wp-json\/wp\/v2\/pages\/891","targetHints":{"allow":["GET"]}}],"collection":[{"href":"https:\/\/enterprise-portal.eu\/web\/wp-json\/wp\/v2\/pages"}],"about":[{"href":"https:\/\/enterprise-portal.eu\/web\/wp-json\/wp\/v2\/types\/page"}],"author":[{"embeddable":true,"href":"https:\/\/enterprise-portal.eu\/web\/wp-json\/wp\/v2\/users\/1"}],"replies":[{"embeddable":true,"href":"https:\/\/enterprise-portal.eu\/web\/wp-json\/wp\/v2\/comments?post=891"}],"version-history":[{"count":2,"href":"https:\/\/enterprise-portal.eu\/web\/wp-json\/wp\/v2\/pages\/891\/revisions"}],"predecessor-version":[{"id":893,"href":"https:\/\/enterprise-portal.eu\/web\/wp-json\/wp\/v2\/pages\/891\/revisions\/893"}],"wp:attachment":[{"href":"https:\/\/enterprise-portal.eu\/web\/wp-json\/wp\/v2\/media?parent=891"}],"curies":[{"name":"wp","href":"https:\/\/api.w.org\/{rel}","templated":true}]}}